{"id":537,"date":"2020-12-30T09:19:42","date_gmt":"2020-12-30T08:19:42","guid":{"rendered":"http:\/\/ecg-corp.eu\/produkty\/"},"modified":"2022-10-12T10:43:45","modified_gmt":"2022-10-12T08:43:45","slug":"produkte","status":"publish","type":"page","link":"https:\/\/ecg-corp.eu\/de\/produkte\/","title":{"rendered":"PRODUKTE"},"content":{"rendered":"","protected":false},"excerpt":{"rendered":"","protected":false},"author":3,"featured_media":539,"parent":0,"menu_order":0,"comment_status":"closed","ping_status":"closed","template":"products-page.php","meta":[],"yoast_head":"<!-- This site is optimized with the Yoast SEO plugin v15.5 - https:\/\/yoast.com\/wordpress\/plugins\/seo\/ -->\n<meta name=\"description\" content=\"Jeste\u015bmy globalnym dystrybutorem produkt\u00f3w chemicznych. W bran\u017cy AdBlue dzia\u0142amy od 12 lat. Posiadamy wiedz\u0119, do\u015bwiadczenie i mo\u017cliwo\u015bci produkcyjne.\" \/>\n<meta name=\"robots\" content=\"index, follow, max-snippet:-1, max-image-preview:large, max-video-preview:-1\" \/>\n<link rel=\"canonical\" href=\"https:\/\/ecg-corp.eu\/de\/produkte\/\" \/>\n<meta property=\"og:locale\" content=\"de_DE\" \/>\n<meta property=\"og:type\" content=\"article\" \/>\n<meta property=\"og:title\" content=\"PRODUKTE - Eastern Chem Group\" \/>\n<meta property=\"og:description\" content=\"Jeste\u015bmy globalnym dystrybutorem produkt\u00f3w chemicznych. W bran\u017cy AdBlue dzia\u0142amy od 12 lat. Posiadamy wiedz\u0119, do\u015bwiadczenie i mo\u017cliwo\u015bci produkcyjne.\" \/>\n<meta property=\"og:url\" content=\"https:\/\/ecg-corp.eu\/de\/produkte\/\" \/>\n<meta property=\"og:site_name\" content=\"Eastern Chem Group\" \/>\n<meta property=\"article:modified_time\" content=\"2022-10-12T08:43:45+00:00\" \/>\n<meta property=\"og:image\" content=\"https:\/\/ecg-corp.eu\/wp-content\/uploads\/2020\/12\/products_banner.jpg\" \/>\n\t<meta property=\"og:image:width\" content=\"1902\" \/>\n\t<meta property=\"og:image:height\" content=\"464\" \/>\n<meta name=\"twitter:card\" content=\"summary_large_image\" \/>\n<script type=\"application\/ld+json\" class=\"yoast-schema-graph\">{\"@context\":\"https:\/\/schema.org\",\"@graph\":[{\"@type\":\"Organization\",\"@id\":\"https:\/\/ecg-corp.eu\/#organization\",\"name\":\"Eastern Chem Group Sp. z o.o.\",\"url\":\"https:\/\/ecg-corp.eu\/\",\"sameAs\":[],\"logo\":{\"@type\":\"ImageObject\",\"@id\":\"https:\/\/ecg-corp.eu\/#logo\",\"inLanguage\":\"de-DE\",\"url\":\"https:\/\/ecg-corp.eu\/wp-content\/uploads\/2020\/12\/logo.png\",\"width\":209,\"height\":68,\"caption\":\"Eastern Chem Group Sp. z o.o.\"},\"image\":{\"@id\":\"https:\/\/ecg-corp.eu\/#logo\"}},{\"@type\":\"WebSite\",\"@id\":\"https:\/\/ecg-corp.eu\/#website\",\"url\":\"https:\/\/ecg-corp.eu\/\",\"name\":\"Eastern Chem Group\",\"description\":\"\",\"publisher\":{\"@id\":\"https:\/\/ecg-corp.eu\/#organization\"},\"potentialAction\":[{\"@type\":\"SearchAction\",\"target\":\"https:\/\/ecg-corp.eu\/?s={search_term_string}\",\"query-input\":\"required name=search_term_string\"}],\"inLanguage\":\"de-DE\"},{\"@type\":\"ImageObject\",\"@id\":\"https:\/\/ecg-corp.eu\/de\/produkte\/#primaryimage\",\"inLanguage\":\"de-DE\",\"url\":\"https:\/\/ecg-corp.eu\/wp-content\/uploads\/2020\/12\/products_banner.jpg\",\"width\":1902,\"height\":464},{\"@type\":\"WebPage\",\"@id\":\"https:\/\/ecg-corp.eu\/de\/produkte\/#webpage\",\"url\":\"https:\/\/ecg-corp.eu\/de\/produkte\/\",\"name\":\"PRODUKTE - Eastern Chem Group\",\"isPartOf\":{\"@id\":\"https:\/\/ecg-corp.eu\/#website\"},\"primaryImageOfPage\":{\"@id\":\"https:\/\/ecg-corp.eu\/de\/produkte\/#primaryimage\"},\"datePublished\":\"2020-12-30T08:19:42+00:00\",\"dateModified\":\"2022-10-12T08:43:45+00:00\",\"description\":\"Jeste\\u015bmy globalnym dystrybutorem produkt\\u00f3w chemicznych. W bran\\u017cy AdBlue dzia\\u0142amy od 12 lat. Posiadamy wiedz\\u0119, do\\u015bwiadczenie i mo\\u017cliwo\\u015bci produkcyjne.\",\"inLanguage\":\"de-DE\",\"potentialAction\":[{\"@type\":\"ReadAction\",\"target\":[\"https:\/\/ecg-corp.eu\/de\/produkte\/\"]}]}]}<\/script>\n<!-- \/ Yoast SEO plugin. -->","_links":{"self":[{"href":"https:\/\/ecg-corp.eu\/de\/wp-json\/wp\/v2\/pages\/537\/"}],"collection":[{"href":"https:\/\/ecg-corp.eu\/de\/wp-json\/wp\/v2\/pages\/"}],"about":[{"href":"https:\/\/ecg-corp.eu\/de\/wp-json\/wp\/v2\/types\/page\/"}],"author":[{"embeddable":true,"href":"https:\/\/ecg-corp.eu\/de\/wp-json\/wp\/v2\/users\/3\/"}],"replies":[{"embeddable":true,"href":"https:\/\/ecg-corp.eu\/de\/wp-json\/wp\/v2\/comments\/?post=537"}],"version-history":[{"count":2,"href":"https:\/\/ecg-corp.eu\/de\/wp-json\/wp\/v2\/pages\/537\/revisions\/"}],"predecessor-version":[{"id":541,"href":"https:\/\/ecg-corp.eu\/de\/wp-json\/wp\/v2\/pages\/537\/revisions\/541\/"}],"wp:featuredmedia":[{"embeddable":true,"href":"https:\/\/ecg-corp.eu\/de\/wp-json\/wp\/v2\/media\/539\/"}],"wp:attachment":[{"href":"https:\/\/ecg-corp.eu\/de\/wp-json\/wp\/v2\/media\/?parent=537"}],"curies":[{"name":"wp","href":"https:\/\/api.w.org\/{rel}","templated":true}]}}