{"id":22,"date":"2020-12-30T09:20:13","date_gmt":"2020-12-30T08:20:13","guid":{"rendered":"http:\/\/ecg-corp.eu\/?page_id=22"},"modified":"2021-03-02T14:08:41","modified_gmt":"2021-03-02T13:08:41","slug":"o-nas","status":"publish","type":"page","link":"https:\/\/ecg-corp.eu\/pl\/o-nas\/","title":{"rendered":"O nas"},"content":{"rendered":"","protected":false},"excerpt":{"rendered":"","protected":false},"author":3,"featured_media":33,"parent":0,"menu_order":0,"comment_status":"closed","ping_status":"closed","template":"about-page.php","meta":[],"yoast_head":"<!-- This site is optimized with the Yoast SEO plugin v15.5 - https:\/\/yoast.com\/wordpress\/plugins\/seo\/ -->\n<meta name=\"description\" content=\"Jeste\u015bmy globalnym dystrybutorem produkt\u00f3w chemicznych. W bran\u017cy AdBlue dzia\u0142amy od 12 lat. Posiadamy wiedz\u0119, do\u015bwiadczenie i mo\u017cliwo\u015bci produkcyjne.\" \/>\n<meta name=\"robots\" content=\"index, follow, max-snippet:-1, max-image-preview:large, max-video-preview:-1\" \/>\n<link rel=\"canonical\" href=\"https:\/\/ecg-corp.eu\/pl\/o-nas\/\" \/>\n<meta property=\"og:locale\" content=\"pl_PL\" \/>\n<meta property=\"og:type\" content=\"article\" \/>\n<meta property=\"og:title\" content=\"O nas - Eastern Chem Group\" \/>\n<meta property=\"og:description\" content=\"Jeste\u015bmy globalnym dystrybutorem produkt\u00f3w chemicznych. W bran\u017cy AdBlue dzia\u0142amy od 12 lat. Posiadamy wiedz\u0119, do\u015bwiadczenie i mo\u017cliwo\u015bci produkcyjne.\" \/>\n<meta property=\"og:url\" content=\"https:\/\/ecg-corp.eu\/pl\/o-nas\/\" \/>\n<meta property=\"og:site_name\" content=\"Eastern Chem Group\" \/>\n<meta property=\"article:modified_time\" content=\"2021-03-02T13:08:41+00:00\" \/>\n<meta property=\"og:image\" content=\"https:\/\/ecg-corp.eu\/wp-content\/uploads\/2020\/12\/about_banner.jpg\" \/>\n\t<meta property=\"og:image:width\" content=\"1902\" \/>\n\t<meta property=\"og:image:height\" content=\"464\" \/>\n<meta name=\"twitter:card\" content=\"summary_large_image\" \/>\n<script type=\"application\/ld+json\" class=\"yoast-schema-graph\">{\"@context\":\"https:\/\/schema.org\",\"@graph\":[{\"@type\":\"Organization\",\"@id\":\"https:\/\/ecg-corp.eu\/#organization\",\"name\":\"Eastern Chem Group Sp. z o.o.\",\"url\":\"https:\/\/ecg-corp.eu\/\",\"sameAs\":[],\"logo\":{\"@type\":\"ImageObject\",\"@id\":\"https:\/\/ecg-corp.eu\/#logo\",\"inLanguage\":\"pl-PL\",\"url\":\"https:\/\/ecg-corp.eu\/wp-content\/uploads\/2020\/12\/logo.png\",\"width\":209,\"height\":68,\"caption\":\"Eastern Chem Group Sp. z o.o.\"},\"image\":{\"@id\":\"https:\/\/ecg-corp.eu\/#logo\"}},{\"@type\":\"WebSite\",\"@id\":\"https:\/\/ecg-corp.eu\/#website\",\"url\":\"https:\/\/ecg-corp.eu\/\",\"name\":\"Eastern Chem Group\",\"description\":\"\",\"publisher\":{\"@id\":\"https:\/\/ecg-corp.eu\/#organization\"},\"potentialAction\":[{\"@type\":\"SearchAction\",\"target\":\"https:\/\/ecg-corp.eu\/?s={search_term_string}\",\"query-input\":\"required name=search_term_string\"}],\"inLanguage\":\"pl-PL\"},{\"@type\":\"ImageObject\",\"@id\":\"https:\/\/ecg-corp.eu\/pl\/o-nas\/#primaryimage\",\"inLanguage\":\"pl-PL\",\"url\":\"https:\/\/ecg-corp.eu\/wp-content\/uploads\/2020\/12\/about_banner.jpg\",\"width\":1902,\"height\":464},{\"@type\":\"WebPage\",\"@id\":\"https:\/\/ecg-corp.eu\/pl\/o-nas\/#webpage\",\"url\":\"https:\/\/ecg-corp.eu\/pl\/o-nas\/\",\"name\":\"O nas - Eastern Chem Group\",\"isPartOf\":{\"@id\":\"https:\/\/ecg-corp.eu\/#website\"},\"primaryImageOfPage\":{\"@id\":\"https:\/\/ecg-corp.eu\/pl\/o-nas\/#primaryimage\"},\"datePublished\":\"2020-12-30T08:20:13+00:00\",\"dateModified\":\"2021-03-02T13:08:41+00:00\",\"description\":\"Jeste\\u015bmy globalnym dystrybutorem produkt\\u00f3w chemicznych. W bran\\u017cy AdBlue dzia\\u0142amy od 12 lat. Posiadamy wiedz\\u0119, do\\u015bwiadczenie i mo\\u017cliwo\\u015bci produkcyjne.\",\"inLanguage\":\"pl-PL\",\"potentialAction\":[{\"@type\":\"ReadAction\",\"target\":[\"https:\/\/ecg-corp.eu\/pl\/o-nas\/\"]}]}]}<\/script>\n<!-- \/ Yoast SEO plugin. -->","_links":{"self":[{"href":"https:\/\/ecg-corp.eu\/pl\/wp-json\/wp\/v2\/pages\/22\/"}],"collection":[{"href":"https:\/\/ecg-corp.eu\/pl\/wp-json\/wp\/v2\/pages\/"}],"about":[{"href":"https:\/\/ecg-corp.eu\/pl\/wp-json\/wp\/v2\/types\/page\/"}],"author":[{"embeddable":true,"href":"https:\/\/ecg-corp.eu\/pl\/wp-json\/wp\/v2\/users\/3\/"}],"replies":[{"embeddable":true,"href":"https:\/\/ecg-corp.eu\/pl\/wp-json\/wp\/v2\/comments\/?post=22"}],"version-history":[{"count":8,"href":"https:\/\/ecg-corp.eu\/pl\/wp-json\/wp\/v2\/pages\/22\/revisions\/"}],"predecessor-version":[{"id":66,"href":"https:\/\/ecg-corp.eu\/pl\/wp-json\/wp\/v2\/pages\/22\/revisions\/66\/"}],"wp:featuredmedia":[{"embeddable":true,"href":"https:\/\/ecg-corp.eu\/pl\/wp-json\/wp\/v2\/media\/33\/"}],"wp:attachment":[{"href":"https:\/\/ecg-corp.eu\/pl\/wp-json\/wp\/v2\/media\/?parent=22"}],"curies":[{"name":"wp","href":"https:\/\/api.w.org\/{rel}","templated":true}]}}