{"id":464,"date":"2020-12-30T08:41:46","date_gmt":"2020-12-30T07:41:46","guid":{"rendered":"http:\/\/ecg-corp.eu\/strona-glowna\/"},"modified":"2022-10-12T09:42:51","modified_gmt":"2022-10-12T07:42:51","slug":"strona-glowna","status":"publish","type":"page","link":"https:\/\/ecg-corp.eu\/sv\/","title":{"rendered":"Hemsida"},"content":{"rendered":"","protected":false},"excerpt":{"rendered":"","protected":false},"author":3,"featured_media":0,"parent":0,"menu_order":0,"comment_status":"closed","ping_status":"closed","template":"front-page.php","meta":[],"yoast_head":"<!-- This site is optimized with the Yoast SEO plugin v15.5 - https:\/\/yoast.com\/wordpress\/plugins\/seo\/ -->\n<meta name=\"description\" content=\"Jeste\u015bmy globalnym dystrybutorem produkt\u00f3w chemicznych. W bran\u017cy AdBlue dzia\u0142amy od 12 lat. Posiadamy wiedz\u0119, do\u015bwiadczenie i mo\u017cliwo\u015bci produkcyjne.\" \/>\n<meta name=\"robots\" content=\"index, follow, max-snippet:-1, max-image-preview:large, max-video-preview:-1\" \/>\n<link rel=\"canonical\" href=\"https:\/\/ecg-corp.eu\/sv\/\" \/>\n<meta property=\"og:locale\" content=\"sv_SE\" \/>\n<meta property=\"og:type\" content=\"article\" \/>\n<meta property=\"og:title\" content=\"Hemsida - Eastern Chem Group\" \/>\n<meta property=\"og:description\" content=\"Jeste\u015bmy globalnym dystrybutorem produkt\u00f3w chemicznych. W bran\u017cy AdBlue dzia\u0142amy od 12 lat. Posiadamy wiedz\u0119, do\u015bwiadczenie i mo\u017cliwo\u015bci produkcyjne.\" \/>\n<meta property=\"og:url\" content=\"https:\/\/ecg-corp.eu\/sv\/\" \/>\n<meta property=\"og:site_name\" content=\"Eastern Chem Group\" \/>\n<meta property=\"article:modified_time\" content=\"2022-10-12T07:42:51+00:00\" \/>\n<meta name=\"twitter:card\" content=\"summary_large_image\" \/>\n<script type=\"application\/ld+json\" class=\"yoast-schema-graph\">{\"@context\":\"https:\/\/schema.org\",\"@graph\":[{\"@type\":\"Organization\",\"@id\":\"https:\/\/ecg-corp.eu\/#organization\",\"name\":\"Eastern Chem Group Sp. z o.o.\",\"url\":\"https:\/\/ecg-corp.eu\/\",\"sameAs\":[],\"logo\":{\"@type\":\"ImageObject\",\"@id\":\"https:\/\/ecg-corp.eu\/#logo\",\"inLanguage\":\"sv-SE\",\"url\":\"https:\/\/ecg-corp.eu\/wp-content\/uploads\/2020\/12\/logo.png\",\"width\":209,\"height\":68,\"caption\":\"Eastern Chem Group Sp. z o.o.\"},\"image\":{\"@id\":\"https:\/\/ecg-corp.eu\/#logo\"}},{\"@type\":\"WebSite\",\"@id\":\"https:\/\/ecg-corp.eu\/#website\",\"url\":\"https:\/\/ecg-corp.eu\/\",\"name\":\"Eastern Chem Group\",\"description\":\"\",\"publisher\":{\"@id\":\"https:\/\/ecg-corp.eu\/#organization\"},\"potentialAction\":[{\"@type\":\"SearchAction\",\"target\":\"https:\/\/ecg-corp.eu\/?s={search_term_string}\",\"query-input\":\"required name=search_term_string\"}],\"inLanguage\":\"sv-SE\"},{\"@type\":\"WebPage\",\"@id\":\"https:\/\/ecg-corp.eu\/sv\/#webpage\",\"url\":\"https:\/\/ecg-corp.eu\/sv\/\",\"name\":\"Hemsida - Eastern Chem Group\",\"isPartOf\":{\"@id\":\"https:\/\/ecg-corp.eu\/#website\"},\"datePublished\":\"2020-12-30T07:41:46+00:00\",\"dateModified\":\"2022-10-12T07:42:51+00:00\",\"description\":\"Jeste\\u015bmy globalnym dystrybutorem produkt\\u00f3w chemicznych. W bran\\u017cy AdBlue dzia\\u0142amy od 12 lat. Posiadamy wiedz\\u0119, do\\u015bwiadczenie i mo\\u017cliwo\\u015bci produkcyjne.\",\"inLanguage\":\"sv-SE\",\"potentialAction\":[{\"@type\":\"ReadAction\",\"target\":[\"https:\/\/ecg-corp.eu\/sv\/\"]}]}]}<\/script>\n<!-- \/ Yoast SEO plugin. -->","_links":{"self":[{"href":"https:\/\/ecg-corp.eu\/sv\/wp-json\/wp\/v2\/pages\/464\/"}],"collection":[{"href":"https:\/\/ecg-corp.eu\/sv\/wp-json\/wp\/v2\/pages\/"}],"about":[{"href":"https:\/\/ecg-corp.eu\/sv\/wp-json\/wp\/v2\/types\/page\/"}],"author":[{"embeddable":true,"href":"https:\/\/ecg-corp.eu\/sv\/wp-json\/wp\/v2\/users\/3\/"}],"replies":[{"embeddable":true,"href":"https:\/\/ecg-corp.eu\/sv\/wp-json\/wp\/v2\/comments\/?post=464"}],"version-history":[{"count":5,"href":"https:\/\/ecg-corp.eu\/sv\/wp-json\/wp\/v2\/pages\/464\/revisions\/"}],"predecessor-version":[{"id":524,"href":"https:\/\/ecg-corp.eu\/sv\/wp-json\/wp\/v2\/pages\/464\/revisions\/524\/"}],"wp:attachment":[{"href":"https:\/\/ecg-corp.eu\/sv\/wp-json\/wp\/v2\/media\/?parent=464"}],"curies":[{"name":"wp","href":"https:\/\/api.w.org\/{rel}","templated":true}]}}